{"id":58,"date":"2019-02-12T21:22:50","date_gmt":"2019-02-12T21:22:50","guid":{"rendered":"https:\/\/oldnew.de\/?page_id=58"},"modified":"2024-04-21T14:33:17","modified_gmt":"2024-04-21T14:33:17","slug":"preise2k","status":"publish","type":"page","link":"https:\/\/oldnew.de\/index.php\/preise2k\/","title":{"rendered":"Preise 2K"},"content":{"rendered":"\n<style type=\"text\/css\">\n.price-table {\n  border: none;\n  border-collapse: collapse;\n  padding: 5px !important;\n  table-layout: fixed;\n}\n.price-tr {\n  border-bottom: 1px dashed #aaaaaa;\n}\n.price-tr:last-child {\n  border-bottom: none;\n}\n.price-th, .price-td {\n  font-weight: 300;\n  border-right: 1px dashed #aaaaaa;\n  border-collapse: collapse;\n  text-align: center;\n  padding: 5px !important;\n}\n.price-tc {\n  font-weight: 200;\n  font-style: italic;\n  border-collapse: collapse;\n  text-align: left;\n  padding: 5px !important;\n}\n.price-th:last-child, .price-td:last-child {\n  border-right: none;\n}\n.price-tr:nth-child(even) .price-td {\n  background-color: #f0f0f0;\n}\n.price-tt {\n  font-weight: bold;\n  background-color: #f2f6f8;\n  color: #487c9f;\n  text-transform: uppercase;\n  text-align: center;\n  padding: 5px !important;\n}\n<\/style>\n<table class=\"price-table\">\n<col width=\"75%\" \/>\n<col width=\"25%\" \/>\n<thead>\n<tr class=\"price-tr\">\n<td class=\"price-tt\" colspan=\"2\">Bewegtbild mit Ton<\/td>\n<\/tr>\n<\/thead>\n<tbody>\n<tr class=\"price-tr\">\n<td class=\"price-th\">1 Minute<\/td>\n<td class=\"price-td\">70 \u20ac<\/td>\n<\/tr>\n<tr class=\"price-tr\">\n<td class=\"price-th\">2 Minuten<\/td>\n<td class=\"price-td\">90 \u20ac<\/td>\n<\/tr>\n<tr class=\"price-tr\">\n<td class=\"price-th\">5 Minuten<\/td>\n<td class=\"price-td\">110 \u20ac<\/td>\n<\/tr>\n<tr class=\"price-tr\">\n<td class=\"price-th\">15 Minuten<\/td>\n<td class=\"price-td\">150 \u20ac<\/td>\n<\/tr>\n<tr class=\"price-tr\">\n<td class=\"price-th\">30 Minuten<\/td>\n<td class=\"price-td\">180 \u20ac<\/td>\n<\/tr>\n<tr class=\"price-tr\">\n<td class=\"price-th\">60 Minuten<\/td>\n<td class=\"price-td\">240 \u20ac<\/td>\n<\/tr>\n<tr class=\"price-tr\">\n<td class=\"price-th\">90 Minuten<\/td>\n<td class=\"price-td\">290 \u20ac<\/td>\n<\/tr>\n<tr class=\"price-tr\">\n<td class=\"price-th\">120 Minuten<\/td>\n<td class=\"price-td\">340 \u20ac<\/td>\n<\/tr>\n<\/tbody>\n<thead>\n<tr class=\"price-tr\">\n<td class=\"price-th\" colspan=\"2\">\u00dcber 120 Minuten auf Anfrage<\/td>\n<\/tr>\n<\/thead>\n<\/table>\n<table class=\"price-table\">\n<col width=\"75%\" \/>\n<col width=\"25%\" \/>\n<thead>\n<tr class=\"price-tr\">\n<td class=\"price-tt\" colspan=\"2\">Standbild ohne Ton<\/td>\n<\/tr>\n<\/thead>\n<tbody>\n<tr class=\"price-tr\">\n<td class=\"price-th\">30 Sekunden<\/td>\n<td class=\"price-td\">35 \u20ac<\/td>\n<\/tr>\n<tr class=\"price-tr\">\n<td class=\"price-th\">60 Sekunden<\/td>\n<td class=\"price-td\">65 \u20ac<\/td>\n<\/tr>\n<\/tbody>\n<\/table>\n<table class=\"price-table\">\n<col width=\"75%\" \/>\n<col width=\"25%\" \/>\n<thead>\n<tr class=\"price-tr\">\n<td class=\"price-tt\" colspan=\"2\">Audio 3.0 Upmix (L\/C\/R)<\/td>\n<\/tr>\n<\/thead>\n<tbody>\n<tr class=\"price-tr\">\n<td class=\"price-th\">Grundpreis<\/td>\n<td class=\"price-td\">20 \u20ac<\/td>\n<\/tr>\n<tr class=\"price-tr\">\n<td class=\"price-th\">zzgl. pro Minute *<\/td>\n<td class=\"price-td\">0,50 \u20ac<\/td>\n<\/tr>\n<\/tbody>\n<\/table>\n<table class=\"price-table\">\n<col width=\"75%\" \/>\n<col width=\"25%\" \/>\n<thead>\n<tr class=\"price-tr\">\n<td class=\"price-tt\" colspan=\"2\">Audio 5.1 Upmix<\/td>\n<\/tr>\n<\/thead>\n<tbody>\n<tr class=\"price-tr\">\n<td class=\"price-th\">Grundpreis<\/td>\n<td class=\"price-td\">30 \u20ac<\/td>\n<\/tr>\n<tr class=\"price-tr\">\n<td class=\"price-th\">zzgl. pro Minute *<\/td>\n<td class=\"price-td\">1 \u20ac<\/td>\n<\/tr>\n<\/tbody>\n<\/table>\n<table class=\"price-table\">\n<col width=\"75%\" \/>\n<col width=\"25%\" \/>\n<thead>\n<tr class=\"price-tr\">\n<td class=\"price-tt\" colspan=\"2\">Audio Lautst\u00e4rke-Pegelung<\/td>\n<\/tr>\n<\/thead>\n<tbody>\n<tr class=\"price-tr\">\n<td class=\"price-th\">Grundpreis<\/td>\n<td class=\"price-td\">30 \u20ac<\/td>\n<\/tr>\n<tr class=\"price-tr\">\n<td class=\"price-th\">zzgl. pro Minute *<\/td>\n<td class=\"price-td\">1 \u20ac<\/td>\n<\/tr>\n<\/tbody>\n<\/table>\n<table class=\"price-table\">\n<col width=\"75%\" \/>\n<col width=\"25%\" \/>\n<thead>\n<tr class=\"price-tr\">\n<td class=\"price-tt\" colspan=\"2\">Untertitel<\/td>\n<\/tr>\n<\/thead>\n<tbody>\n<tr class=\"price-tr\">\n<td class=\"price-th\">Grundpreis pro Spur<\/td>\n<td class=\"price-td\">30 \u20ac<\/td>\n<\/tr>\n<tr class=\"price-tr\">\n<td class=\"price-th\">zzgl. pro Minute *<\/td>\n<td class=\"price-td\">1 \u20ac<\/td>\n<\/tr>\n<tr class=\"price-tr\">\n<td class=\"price-tc\" colspan=\"2\">Es erfolgt kein Editieren der Untertitel. Weitere Infos bitte den <a href=\"index.php\/technische-spezifikationen\/\">technischen Spezifikationen<\/a> entnehmen.<br><br>* Der Minutenpreis wird nur berechnet wenn auch eine DCP gemastert werden soll. Er entf\u00e4llt wenn die DCP bereits vorliegt.<\/td>\n<\/tr>\n<\/tbody>\n<\/table>\n\n\n\n<p>Wenn nicht anders bestellt, wird die DCP nach SMPTE-Standard erstellt. InterOP auf Anfrage.<\/p>\n\n\n\n<p>Die Aush\u00e4ndigung der DCP erfolgt auf einem Datentr\u00e4ger. Auslieferung per SwissTransfer bei Standbildern und Filmen bis 50 GB Gr\u00f6\u00dfe (gezippt). Falls trotzdem ein Datentr\u00e4ger erw\u00fcnscht ist, k\u00f6nnen Festplatten (500GB), sowie USB-Sticks (32GB)\u00a0dazugebucht werden. Preise auf Anfrage.<\/p>\n\n\n\n<p>Alle hier angegebenen Preise sind netto.<br>Gem\u00e4\u00df \u00a719 UStG wird keine Umsatzsteuer berechnet.<\/p>\n\n\n\n<p>Stand 12\/2018<\/p>\n","protected":false},"excerpt":{"rendered":"<p>Bewegtbild mit Ton 1 Minute 70 \u20ac 2 Minuten 90 \u20ac 5 Minuten 110 \u20ac 15 Minuten 150 \u20ac 30 Minuten 180 \u20ac 60 Minuten 240 \u20ac 90 Minuten 290 \u20ac 120 Minuten 340 \u20ac \u00dcber 120 Minuten auf Anfrage Standbild ohne Ton 30 Sekunden 35 \u20ac 60 Sekunden 65 \u20ac Audio 3.0 Upmix (L\/C\/R) &hellip; <\/p>\n<p class=\"link-more\"><a href=\"https:\/\/oldnew.de\/index.php\/preise2k\/\" class=\"more-link\"><span class=\"screen-reader-text\">\u201ePreise 2K\u201c<\/span> weiterlesen<\/a><\/p>\n","protected":false},"author":1,"featured_media":0,"parent":0,"menu_order":0,"comment_status":"closed","ping_status":"closed","template":"","meta":{"_uag_custom_page_level_css":"","footnotes":""},"class_list":["post-58","page","type-page","status-publish","hentry"],"uagb_featured_image_src":{"full":false,"thumbnail":false,"medium":false,"medium_large":false,"large":false,"1536x1536":false,"2048x2048":false,"twentyseventeen-featured-image":false,"twentyseventeen-thumbnail-avatar":false},"uagb_author_info":{"display_name":"admin","author_link":"https:\/\/oldnew.de\/index.php\/author\/andreas_hh88k42o\/"},"uagb_comment_info":0,"uagb_excerpt":"Bewegtbild mit Ton 1 Minute 70 \u20ac 2 Minuten 90 \u20ac 5 Minuten 110 \u20ac 15 Minuten 150 \u20ac 30 Minuten 180 \u20ac 60 Minuten 240 \u20ac 90 Minuten 290 \u20ac 120 Minuten 340 \u20ac \u00dcber 120 Minuten auf Anfrage Standbild ohne Ton 30 Sekunden 35 \u20ac 60 Sekunden 65 \u20ac Audio 3.0 Upmix (L\/C\/R)&hellip;","_links":{"self":[{"href":"https:\/\/oldnew.de\/index.php\/wp-json\/wp\/v2\/pages\/58","targetHints":{"allow":["GET"]}}],"collection":[{"href":"https:\/\/oldnew.de\/index.php\/wp-json\/wp\/v2\/pages"}],"about":[{"href":"https:\/\/oldnew.de\/index.php\/wp-json\/wp\/v2\/types\/page"}],"author":[{"embeddable":true,"href":"https:\/\/oldnew.de\/index.php\/wp-json\/wp\/v2\/users\/1"}],"replies":[{"embeddable":true,"href":"https:\/\/oldnew.de\/index.php\/wp-json\/wp\/v2\/comments?post=58"}],"version-history":[{"count":65,"href":"https:\/\/oldnew.de\/index.php\/wp-json\/wp\/v2\/pages\/58\/revisions"}],"predecessor-version":[{"id":365,"href":"https:\/\/oldnew.de\/index.php\/wp-json\/wp\/v2\/pages\/58\/revisions\/365"}],"wp:attachment":[{"href":"https:\/\/oldnew.de\/index.php\/wp-json\/wp\/v2\/media?parent=58"}],"curies":[{"name":"wp","href":"https:\/\/api.w.org\/{rel}","templated":true}]}}