{"id":2,"date":"2019-02-11T12:40:59","date_gmt":"2019-02-11T12:40:59","guid":{"rendered":"https:\/\/oldnew.de\/?page_id=2"},"modified":"2019-08-06T20:47:19","modified_gmt":"2019-08-06T20:47:19","slug":"sample-page","status":"publish","type":"page","link":"https:\/\/oldnew.de\/","title":{"rendered":"Ihr Film &#8211; auf der gro\u00dfen Leinwand!"},"content":{"rendered":"\n<p>Wir erstellen professionelle DCPs aus Ihrem Bildmaterial, egal ob Werbefilme, Kurz- oder Langfilme, oder einfache Werbedias. <\/p>\n\n\n\n<p>Alle DCPs sind DCI-konform, wahlweise nach SMPTE- oder InterOP-Standart und funktionieren garantiert einwandfrei in jedem digitalen Kino.<\/p>\n\n\n\n<p>Bewahren Sie den Filmvorf\u00fchrer vor der Verzweiflung! Jahrelange Erfahrung in der digitalen Projektion garantieren dass unsere DCPs ordnungsgem\u00e4\u00df erstellt und benannt sind, unter Einhaltung der DCI naming convention.<\/p>\n\n\n\n<p>Werfen Sie einen Blick auf <a href=\"https:\/\/oldnew.de\/index.php\/portfolio\/\">unser Portfolio!<\/a><\/p>\n","protected":false},"excerpt":{"rendered":"<p>Wir erstellen professionelle DCPs aus Ihrem Bildmaterial, egal ob Werbefilme, Kurz- oder Langfilme, oder einfache Werbedias. Alle DCPs sind DCI-konform, wahlweise nach SMPTE- oder InterOP-Standart und funktionieren garantiert einwandfrei in jedem digitalen Kino. Bewahren Sie den Filmvorf\u00fchrer vor der Verzweiflung! Jahrelange Erfahrung in der digitalen Projektion garantieren dass unsere DCPs ordnungsgem\u00e4\u00df erstellt und benannt sind, &hellip; <\/p>\n<p class=\"link-more\"><a href=\"https:\/\/oldnew.de\/\" class=\"more-link\"><span class=\"screen-reader-text\">\u201eIhr Film &#8211; auf der gro\u00dfen Leinwand!\u201c<\/span> weiterlesen<\/a><\/p>\n","protected":false},"author":1,"featured_media":0,"parent":0,"menu_order":0,"comment_status":"closed","ping_status":"closed","template":"","meta":{"_uag_custom_page_level_css":"","footnotes":""},"class_list":["post-2","page","type-page","status-publish","hentry"],"uagb_featured_image_src":{"full":false,"thumbnail":false,"medium":false,"medium_large":false,"large":false,"1536x1536":false,"2048x2048":false,"twentyseventeen-featured-image":false,"twentyseventeen-thumbnail-avatar":false},"uagb_author_info":{"display_name":"admin","author_link":"https:\/\/oldnew.de\/index.php\/author\/andreas_hh88k42o\/"},"uagb_comment_info":0,"uagb_excerpt":"Wir erstellen professionelle DCPs aus Ihrem Bildmaterial, egal ob Werbefilme, Kurz- oder Langfilme, oder einfache Werbedias. Alle DCPs sind DCI-konform, wahlweise nach SMPTE- oder InterOP-Standart und funktionieren garantiert einwandfrei in jedem digitalen Kino. Bewahren Sie den Filmvorf\u00fchrer vor der Verzweiflung! Jahrelange Erfahrung in der digitalen Projektion garantieren dass unsere DCPs ordnungsgem\u00e4\u00df erstellt und benannt sind,&hellip;","_links":{"self":[{"href":"https:\/\/oldnew.de\/index.php\/wp-json\/wp\/v2\/pages\/2","targetHints":{"allow":["GET"]}}],"collection":[{"href":"https:\/\/oldnew.de\/index.php\/wp-json\/wp\/v2\/pages"}],"about":[{"href":"https:\/\/oldnew.de\/index.php\/wp-json\/wp\/v2\/types\/page"}],"author":[{"embeddable":true,"href":"https:\/\/oldnew.de\/index.php\/wp-json\/wp\/v2\/users\/1"}],"replies":[{"embeddable":true,"href":"https:\/\/oldnew.de\/index.php\/wp-json\/wp\/v2\/comments?post=2"}],"version-history":[{"count":7,"href":"https:\/\/oldnew.de\/index.php\/wp-json\/wp\/v2\/pages\/2\/revisions"}],"predecessor-version":[{"id":346,"href":"https:\/\/oldnew.de\/index.php\/wp-json\/wp\/v2\/pages\/2\/revisions\/346"}],"wp:attachment":[{"href":"https:\/\/oldnew.de\/index.php\/wp-json\/wp\/v2\/media?parent=2"}],"curies":[{"name":"wp","href":"https:\/\/api.w.org\/{rel}","templated":true}]}}